{"id":16035,"date":"2023-09-12T09:48:39","date_gmt":"2023-09-12T01:48:39","guid":{"rendered":"https:\/\/surpasssports.com\/?page_id=16035"},"modified":"2024-03-27T10:14:20","modified_gmt":"2024-03-27T02:14:20","slug":"round-sp66","status":"publish","type":"page","link":"https:\/\/surpasssports.com\/fr\/round-sp66\/","title":{"rendered":"Rond SP66"},"content":{"rendered":"<div data-elementor-type=\"wp-page\" data-elementor-id=\"16035\" class=\"elementor elementor-16035\" data-elementor-post-type=\"page\">\n\t\t\t\t\t\t<section class=\"elementor-section elementor-top-section elementor-element elementor-element-4f0ed5a1 elementor-section-full_width elementor-section-height-min-height elementor-section-items-stretch elementor-section-content-bottom ang-section-padding-initial elementor-section-height-default elementor-repeater-item-none elementor-repeater-item-none_hover\" data-id=\"4f0ed5a1\" data-element_type=\"section\" data-e-type=\"section\" data-settings=\"{&quot;background_background&quot;:&quot;classic&quot;}\">\n\t\t\t\t\t\t<div class=\"elementor-container elementor-column-gap-no\">\n\t\t\t\t\t<div class=\"elementor-column elementor-col-50 elementor-top-column elementor-element elementor-element-17c3488c elementor-repeater-item-none elementor-repeater-item-none_hover\" data-id=\"17c3488c\" data-element_type=\"column\" data-e-type=\"column\" data-settings=\"{&quot;background_background&quot;:&quot;classic&quot;}\">\n\t\t\t<div class=\"elementor-widget-wrap elementor-element-populated\">\n\t\t\t\t\t\t<div class=\"elementor-element elementor-element-294b00d8 elementor-repeater-item-none elementor-repeater-item-none_hover elementor-widget elementor-widget-heading\" data-id=\"294b00d8\" data-element_type=\"widget\" data-e-type=\"widget\" data-widget_type=\"heading.default\">\n\t\t\t\t<div class=\"elementor-widget-container\">\n\t\t\t\t\t<h1 class=\"elementor-heading-title elementor-size-default\">Raquette de padel ronde | SP66<\/h1>\t\t\t\t<\/div>\n\t\t\t\t<\/div>\n\t\t\t\t<div class=\"elementor-element elementor-element-c839f3 elementor-icon-list--layout-traditional elementor-list-item-link-full_width elementor-repeater-item-none elementor-repeater-item-none_hover elementor-widget elementor-widget-icon-list\" data-id=\"c839f3\" data-element_type=\"widget\" data-e-type=\"widget\" data-widget_type=\"icon-list.default\">\n\t\t\t\t<div class=\"elementor-widget-container\">\n\t\t\t\t\t\t\t<ul class=\"elementor-icon-list-items\">\n\t\t\t\t\t\t\t<li class=\"elementor-icon-list-item\">\n\t\t\t\t\t\t\t\t\t\t\t<span class=\"elementor-icon-list-icon\">\n\t\t\t\t\t\t\t<i aria-hidden=\"true\" class=\"fas fa-check\"><\/i>\t\t\t\t\t\t<\/span>\n\t\t\t\t\t\t\t\t\t\t<span class=\"elementor-icon-list-text\">\u00c9quilibre : Faible. Points forts : Grand et situ\u00e9 au centre. Joueurs cibles : D\u00e9butants ou joueurs recherchant le contr\u00f4le.<\/span>\n\t\t\t\t\t\t\t\t\t<\/li>\n\t\t\t\t\t\t\t\t<li class=\"elementor-icon-list-item\">\n\t\t\t\t\t\t\t\t\t\t\t<span class=\"elementor-icon-list-icon\">\n\t\t\t\t\t\t\t<i aria-hidden=\"true\" class=\"fas fa-check\"><\/i>\t\t\t\t\t\t<\/span>\n\t\t\t\t\t\t\t\t\t\t<span class=\"elementor-icon-list-text\">Avantages :  Plus facile \u00e0 manier gr\u00e2ce \u00e0 la large zone de frappe et \u00e0 la r\u00e9partition uniforme du poids. Offre un maximum de s\u00e9curit\u00e9 et de contr\u00f4le dans le jeu.<\/span>\n\t\t\t\t\t\t\t\t\t<\/li>\n\t\t\t\t\t\t\t\t<li class=\"elementor-icon-list-item\">\n\t\t\t\t\t\t\t\t\t\t\t<span class=\"elementor-icon-list-icon\">\n\t\t\t\t\t\t\t<i aria-hidden=\"true\" class=\"fas fa-dot-circle\"><\/i>\t\t\t\t\t\t<\/span>\n\t\t\t\t\t\t\t\t\t\t<span class=\"elementor-icon-list-text\">Consid\u00e9rations :  Peut ne pas convenir aux joueurs avanc\u00e9s qui recherchent plus de puissance dans leurs coups.<\/span>\n\t\t\t\t\t\t\t\t\t<\/li>\n\t\t\t\t\t\t<\/ul>\n\t\t\t\t\t\t<\/div>\n\t\t\t\t<\/div>\n\t\t\t\t<div class=\"elementor-element elementor-element-31f84f2 elementor-align-left elementor-repeater-item-none elementor-repeater-item-none_hover elementor-widget elementor-widget-button\" data-id=\"31f84f2\" data-element_type=\"widget\" data-e-type=\"widget\" data-widget_type=\"button.default\">\n\t\t\t\t<div class=\"elementor-widget-container\">\n\t\t\t\t\t\t\t\t\t<div class=\"elementor-button-wrapper\">\n\t\t\t\t\t<a class=\"elementor-button elementor-button-link elementor-size-sm\" href=\"#elementor-action%3Aaction%3Dpopup%3Aopen%26settings%3DeyJpZCI6IjEyNDgiLCJ0b2dnbGUiOmZhbHNlfQ%3D%3D\">\n\t\t\t\t\t\t<span class=\"elementor-button-content-wrapper\">\n\t\t\t\t\t\t\t\t\t<span class=\"elementor-button-text\">Obtenir un devis rapide<\/span>\n\t\t\t\t\t<\/span>\n\t\t\t\t\t<\/a>\n\t\t\t\t<\/div>\n\t\t\t\t\t\t\t\t<\/div>\n\t\t\t\t<\/div>\n\t\t\t\t\t<\/div>\n\t\t<\/div>\n\t\t\t\t<div class=\"elementor-column elementor-col-25 elementor-top-column elementor-element elementor-element-50be0eed elementor-repeater-item-none elementor-repeater-item-none_hover\" data-id=\"50be0eed\" data-element_type=\"column\" data-e-type=\"column\" data-settings=\"{&quot;background_background&quot;:&quot;classic&quot;}\">\n\t\t\t<div class=\"elementor-widget-wrap elementor-element-populated\">\n\t\t\t\t\t\t<div class=\"elementor-element elementor-element-1817e72f external_elementor-repeater-item-none_external elementor-repeater-item-none elementor-repeater-item-none_hover elementor-widget elementor-widget-image\" data-id=\"1817e72f\" data-element_type=\"widget\" data-e-type=\"widget\" data-widget_type=\"image.default\">\n\t\t\t\t<div class=\"elementor-widget-container\">\n\t\t\t\t\t\t\t\t\t\t\t\t\t\t\t<img decoding=\"async\" src=\"https:\/\/surpasssports.com\/wp-content\/uploads\/elementor\/thumbs\/Round-Padel-Racket-qc9cu6cfiragl5t0oep0hrf1g4z9dzoyh4arunjals.png\" title=\"Raquette de padel ronde\" alt=\"raquette de padel ronde\" loading=\"lazy\" \/>\t\t\t\t\t\t\t\t\t\t\t\t\t\t\t<\/div>\n\t\t\t\t<\/div>\n\t\t\t\t\t<\/div>\n\t\t<\/div>\n\t\t\t\t<div class=\"elementor-column elementor-col-25 elementor-top-column elementor-element elementor-element-31bcdf32 elementor-repeater-item-none elementor-repeater-item-none_hover\" data-id=\"31bcdf32\" data-element_type=\"column\" data-e-type=\"column\">\n\t\t\t<div class=\"elementor-widget-wrap elementor-element-populated\">\n\t\t\t\t\t\t<div class=\"elementor-element elementor-element-383549d4 elementor-widget-mobile__width-initial animated-slow elementor-widget-tablet__width-initial elementor-repeater-item-none elementor-repeater-item-none_hover elementor-invisible elementor-widget elementor-widget-spacer\" data-id=\"383549d4\" data-element_type=\"widget\" data-e-type=\"widget\" data-settings=\"{&quot;_animation&quot;:&quot;fadeInRight&quot;}\" data-widget_type=\"spacer.default\">\n\t\t\t\t<div class=\"elementor-widget-container\">\n\t\t\t\t\t\t\t<div class=\"elementor-spacer\">\n\t\t\t<div class=\"elementor-spacer-inner\"><\/div>\n\t\t<\/div>\n\t\t\t\t\t\t<\/div>\n\t\t\t\t<\/div>\n\t\t\t\t\t<\/div>\n\t\t<\/div>\n\t\t\t\t\t<\/div>\n\t\t<\/section>\n\t\t\t\t<section class=\"elementor-section elementor-top-section elementor-element elementor-element-35915c8a elementor-section-full_width ang-section-padding-initial elementor-section-height-default elementor-section-height-default elementor-repeater-item-none elementor-repeater-item-none_hover\" data-id=\"35915c8a\" data-element_type=\"section\" data-e-type=\"section\" data-settings=\"{&quot;background_background&quot;:&quot;classic&quot;}\">\n\t\t\t\t\t\t<div class=\"elementor-container elementor-column-gap-no\">\n\t\t\t\t\t<div class=\"elementor-column elementor-col-100 elementor-top-column elementor-element elementor-element-592cbda4 elementor-repeater-item-none elementor-repeater-item-none_hover\" data-id=\"592cbda4\" data-element_type=\"column\" data-e-type=\"column\">\n\t\t\t<div class=\"elementor-widget-wrap elementor-element-populated\">\n\t\t\t\t\t\t<div class=\"elementor-element elementor-element-651f6659 elementor-gallery--filter-align-center elementor-repeater-item-none elementor-repeater-item-none_hover elementor-widget elementor-widget-gallery\" data-id=\"651f6659\" data-element_type=\"widget\" data-e-type=\"widget\" data-settings=\"{&quot;columns&quot;:&quot;3&quot;,&quot;gap&quot;:{&quot;unit&quot;:&quot;px&quot;,&quot;size&quot;:&quot;40&quot;,&quot;sizes&quot;:[]},&quot;aspect_ratio&quot;:&quot;1:1&quot;,&quot;lazyload&quot;:&quot;yes&quot;,&quot;gallery_layout&quot;:&quot;grid&quot;,&quot;columns_tablet&quot;:2,&quot;columns_mobile&quot;:1,&quot;gap_tablet&quot;:{&quot;unit&quot;:&quot;px&quot;,&quot;size&quot;:10,&quot;sizes&quot;:[]},&quot;gap_mobile&quot;:{&quot;unit&quot;:&quot;px&quot;,&quot;size&quot;:10,&quot;sizes&quot;:[]},&quot;link_to&quot;:&quot;file&quot;,&quot;show_all_galleries&quot;:&quot;yes&quot;,&quot;overlay_background&quot;:&quot;yes&quot;,&quot;content_hover_animation&quot;:&quot;fade-in&quot;}\" data-widget_type=\"gallery.default\">\n\t\t\t\t<div class=\"elementor-widget-container\">\n\t\t\t\t\t\t\t\t<div class=\"elementor-gallery__titles-container e--pointer-none\" aria-label=\"Galerie de filtres\" data-no-translation-aria-label=\"\">\n\t\t\t\t\t\t\t\t\t<a class=\"elementor-item elementor-gallery-title\" role=\"button\" tabindex=\"0\" data-gallery-index=\"all\">\n\t\t\t\t\t\tTous\t\t\t\t\t<\/a>\n\t\t\t\t\n\t\t\t\t\t\t\t\t\t<a class=\"elementor-item elementor-gallery-title\" role=\"button\" tabindex=\"0\" data-gallery-index=\"0\">\n\t\t\t\t\t\tCarbone\t\t\t\t\t<\/a>\n\t\t\t\t\t\t\t\t\t\t<a class=\"elementor-item elementor-gallery-title\" role=\"button\" tabindex=\"0\" data-gallery-index=\"1\">\n\t\t\t\t\t\t18K\t\t\t\t\t<\/a>\n\t\t\t\t\t\t\t\t<\/div>\n\t\t\t\t\t<div class=\"elementor-gallery__container\">\n\t\t\t\t\t\t\t<a class=\"e-gallery-item elementor-gallery-item elementor-animated-content\" data-e-gallery-tags=\"0\" href=\"https:\/\/surpasssports.com\/wp-content\/uploads\/2023\/09\/SP66-Carbon-01.jpg\" data-elementor-open-lightbox=\"yes\" data-elementor-lightbox-slideshow=\"651f6659\" data-elementor-lightbox-title=\"SP66 Carbon 01\" data-elementor-lightbox-description=\"SP66 Carbon 01\" data-e-action-hash=\"#elementor-action%3Aaction%3Dlightbox%26settings%3DeyJpZCI6MTU2MTUsInVybCI6Imh0dHBzOlwvXC9zdXJwYXNzc3BvcnRzLmNvbVwvd3AtY29udGVudFwvdXBsb2Fkc1wvMjAyM1wvMDlcL1NQNjYtQ2FyYm9uLTAxLmpwZyIsInNsaWRlc2hvdyI6IjY1MWY2NjU5In0%3D\">\n\t\t\t\t\t<div class=\"e-gallery-image elementor-gallery-item__image\" data-thumbnail=\"https:\/\/surpasssports.com\/wp-content\/uploads\/2023\/09\/SP66-Carbon-01.jpg\" data-width=\"2001\" data-height=\"2000\" aria-label=\"sp66 carbone 01\" role=\"img\" ><\/div>\n\t\t\t\t\t\t\t\t\t\t\t<div class=\"elementor-gallery-item__overlay\"><\/div>\n\t\t\t\t\t\t\t\t\t\t\t\t\t\t<\/a>\n\t\t\t\t\t\t\t<a class=\"e-gallery-item elementor-gallery-item elementor-animated-content\" data-e-gallery-tags=\"0\" href=\"https:\/\/surpasssports.com\/wp-content\/uploads\/2023\/09\/SP66-Carbon-02.jpg\" data-elementor-open-lightbox=\"yes\" data-elementor-lightbox-slideshow=\"651f6659\" data-elementor-lightbox-title=\"SP66 Carbon 02\" data-elementor-lightbox-description=\"SP66 Carbon 02\" data-e-action-hash=\"#elementor-action%3Aaction%3Dlightbox%26settings%3DeyJpZCI6MTYwMzgsInVybCI6Imh0dHBzOlwvXC9zdXJwYXNzc3BvcnRzLmNvbVwvd3AtY29udGVudFwvdXBsb2Fkc1wvMjAyM1wvMDlcL1NQNjYtQ2FyYm9uLTAyLmpwZyIsInNsaWRlc2hvdyI6IjY1MWY2NjU5In0%3D\">\n\t\t\t\t\t<div class=\"e-gallery-image elementor-gallery-item__image\" data-thumbnail=\"https:\/\/surpasssports.com\/wp-content\/uploads\/2023\/09\/SP66-Carbon-02.jpg\" data-width=\"2001\" data-height=\"2001\" aria-label=\"sp66 carbone 02\" role=\"img\" ><\/div>\n\t\t\t\t\t\t\t\t\t\t\t<div class=\"elementor-gallery-item__overlay\"><\/div>\n\t\t\t\t\t\t\t\t\t\t\t\t\t\t<\/a>\n\t\t\t\t\t\t\t<a class=\"e-gallery-item elementor-gallery-item elementor-animated-content\" data-e-gallery-tags=\"0\" href=\"https:\/\/surpasssports.com\/wp-content\/uploads\/2023\/09\/SP66-Carbon-03.jpg\" data-elementor-open-lightbox=\"yes\" data-elementor-lightbox-slideshow=\"651f6659\" data-elementor-lightbox-title=\"SP66 Carbon 03\" data-elementor-lightbox-description=\"SP66 Carbon 03\" data-e-action-hash=\"#elementor-action%3Aaction%3Dlightbox%26settings%3DeyJpZCI6MTYwMzksInVybCI6Imh0dHBzOlwvXC9zdXJwYXNzc3BvcnRzLmNvbVwvd3AtY29udGVudFwvdXBsb2Fkc1wvMjAyM1wvMDlcL1NQNjYtQ2FyYm9uLTAzLmpwZyIsInNsaWRlc2hvdyI6IjY1MWY2NjU5In0%3D\">\n\t\t\t\t\t<div class=\"e-gallery-image elementor-gallery-item__image\" data-thumbnail=\"https:\/\/surpasssports.com\/wp-content\/uploads\/2023\/09\/SP66-Carbon-03.jpg\" data-width=\"1500\" data-height=\"1500\" aria-label=\"sp66 carbone 03\" role=\"img\" ><\/div>\n\t\t\t\t\t\t\t\t\t\t\t<div class=\"elementor-gallery-item__overlay\"><\/div>\n\t\t\t\t\t\t\t\t\t\t\t\t\t\t<\/a>\n\t\t\t\t\t\t\t<a class=\"e-gallery-item elementor-gallery-item elementor-animated-content\" data-e-gallery-tags=\"0\" href=\"https:\/\/surpasssports.com\/wp-content\/uploads\/2023\/09\/SP66-Carbon-04.jpg\" data-elementor-open-lightbox=\"yes\" data-elementor-lightbox-slideshow=\"651f6659\" data-elementor-lightbox-title=\"SP66 Carbon 04\" data-elementor-lightbox-description=\"SP66 Carbon 04\" data-e-action-hash=\"#elementor-action%3Aaction%3Dlightbox%26settings%3DeyJpZCI6MTYwNDAsInVybCI6Imh0dHBzOlwvXC9zdXJwYXNzc3BvcnRzLmNvbVwvd3AtY29udGVudFwvdXBsb2Fkc1wvMjAyM1wvMDlcL1NQNjYtQ2FyYm9uLTA0LmpwZyIsInNsaWRlc2hvdyI6IjY1MWY2NjU5In0%3D\">\n\t\t\t\t\t<div class=\"e-gallery-image elementor-gallery-item__image\" data-thumbnail=\"https:\/\/surpasssports.com\/wp-content\/uploads\/2023\/09\/SP66-Carbon-04.jpg\" data-width=\"1500\" data-height=\"1500\" aria-label=\"sp66 carbone 04\" role=\"img\" ><\/div>\n\t\t\t\t\t\t\t\t\t\t\t<div class=\"elementor-gallery-item__overlay\"><\/div>\n\t\t\t\t\t\t\t\t\t\t\t\t\t\t<\/a>\n\t\t\t\t\t\t\t<a class=\"e-gallery-item elementor-gallery-item elementor-animated-content\" data-e-gallery-tags=\"1\" href=\"https:\/\/surpasssports.com\/wp-content\/uploads\/2023\/09\/SP66-18K-01.jpg\" data-elementor-open-lightbox=\"yes\" data-elementor-lightbox-slideshow=\"651f6659\" data-elementor-lightbox-title=\"SP66 18K 01\" data-elementor-lightbox-description=\"SP66 18K 01\" data-e-action-hash=\"#elementor-action%3Aaction%3Dlightbox%26settings%3DeyJpZCI6MTU2MTQsInVybCI6Imh0dHBzOlwvXC9zdXJwYXNzc3BvcnRzLmNvbVwvd3AtY29udGVudFwvdXBsb2Fkc1wvMjAyM1wvMDlcL1NQNjYtMThLLTAxLmpwZyIsInNsaWRlc2hvdyI6IjY1MWY2NjU5In0%3D\">\n\t\t\t\t\t<div class=\"e-gallery-image elementor-gallery-item__image\" data-thumbnail=\"https:\/\/surpasssports.com\/wp-content\/uploads\/2023\/09\/SP66-18K-01.jpg\" data-width=\"1500\" data-height=\"1500\" aria-label=\"sp66 18k 01\" role=\"img\" ><\/div>\n\t\t\t\t\t\t\t\t\t\t\t<div class=\"elementor-gallery-item__overlay\"><\/div>\n\t\t\t\t\t\t\t\t\t\t\t\t\t\t<\/a>\n\t\t\t\t\t\t\t<a class=\"e-gallery-item elementor-gallery-item elementor-animated-content\" data-e-gallery-tags=\"1\" href=\"https:\/\/surpasssports.com\/wp-content\/uploads\/2023\/09\/SP66-18K-02.jpg\" data-elementor-open-lightbox=\"yes\" data-elementor-lightbox-slideshow=\"651f6659\" data-elementor-lightbox-title=\"SP66 18K 02\" data-elementor-lightbox-description=\"SP66 18K 02\" data-e-action-hash=\"#elementor-action%3Aaction%3Dlightbox%26settings%3DeyJpZCI6MTYwNDEsInVybCI6Imh0dHBzOlwvXC9zdXJwYXNzc3BvcnRzLmNvbVwvd3AtY29udGVudFwvdXBsb2Fkc1wvMjAyM1wvMDlcL1NQNjYtMThLLTAyLmpwZyIsInNsaWRlc2hvdyI6IjY1MWY2NjU5In0%3D\">\n\t\t\t\t\t<div class=\"e-gallery-image elementor-gallery-item__image\" data-thumbnail=\"https:\/\/surpasssports.com\/wp-content\/uploads\/2023\/09\/SP66-18K-02.jpg\" data-width=\"1500\" data-height=\"2250\" aria-label=\"sp66 18k 02\" role=\"img\" ><\/div>\n\t\t\t\t\t\t\t\t\t\t\t<div class=\"elementor-gallery-item__overlay\"><\/div>\n\t\t\t\t\t\t\t\t\t\t\t\t\t\t<\/a>\n\t\t\t\t\t\t\t<a class=\"e-gallery-item elementor-gallery-item elementor-animated-content\" data-e-gallery-tags=\"1\" href=\"https:\/\/surpasssports.com\/wp-content\/uploads\/2023\/09\/SP66-18K-03.jpg\" data-elementor-open-lightbox=\"yes\" data-elementor-lightbox-slideshow=\"651f6659\" data-elementor-lightbox-title=\"SP66 18K 03\" data-elementor-lightbox-description=\"SP66 18K 03\" data-e-action-hash=\"#elementor-action%3Aaction%3Dlightbox%26settings%3DeyJpZCI6MTYwNDIsInVybCI6Imh0dHBzOlwvXC9zdXJwYXNzc3BvcnRzLmNvbVwvd3AtY29udGVudFwvdXBsb2Fkc1wvMjAyM1wvMDlcL1NQNjYtMThLLTAzLmpwZyIsInNsaWRlc2hvdyI6IjY1MWY2NjU5In0%3D\">\n\t\t\t\t\t<div class=\"e-gallery-image elementor-gallery-item__image\" data-thumbnail=\"https:\/\/surpasssports.com\/wp-content\/uploads\/2023\/09\/SP66-18K-03.jpg\" data-width=\"2000\" data-height=\"1333\" aria-label=\"sp66 18k 03\" role=\"img\" ><\/div>\n\t\t\t\t\t\t\t\t\t\t\t<div class=\"elementor-gallery-item__overlay\"><\/div>\n\t\t\t\t\t\t\t\t\t\t\t\t\t\t<\/a>\n\t\t\t\t\t\t\t<a class=\"e-gallery-item elementor-gallery-item elementor-animated-content\" data-e-gallery-tags=\"1\" href=\"https:\/\/surpasssports.com\/wp-content\/uploads\/2023\/09\/SP66-18K-04.jpg\" data-elementor-open-lightbox=\"yes\" data-elementor-lightbox-slideshow=\"651f6659\" data-elementor-lightbox-title=\"SP66 18K 04\" data-elementor-lightbox-description=\"SP66 18K 04\" data-e-action-hash=\"#elementor-action%3Aaction%3Dlightbox%26settings%3DeyJpZCI6MTYwNDMsInVybCI6Imh0dHBzOlwvXC9zdXJwYXNzc3BvcnRzLmNvbVwvd3AtY29udGVudFwvdXBsb2Fkc1wvMjAyM1wvMDlcL1NQNjYtMThLLTA0LmpwZyIsInNsaWRlc2hvdyI6IjY1MWY2NjU5In0%3D\">\n\t\t\t\t\t<div class=\"e-gallery-image elementor-gallery-item__image\" data-thumbnail=\"https:\/\/surpasssports.com\/wp-content\/uploads\/2023\/09\/SP66-18K-04.jpg\" data-width=\"1500\" data-height=\"1500\" aria-label=\"sp66 18k 04\" role=\"img\" ><\/div>\n\t\t\t\t\t\t\t\t\t\t\t<div class=\"elementor-gallery-item__overlay\"><\/div>\n\t\t\t\t\t\t\t\t\t\t\t\t\t\t<\/a>\n\t\t\t\t\t\t\t<a class=\"e-gallery-item elementor-gallery-item elementor-animated-content\" data-e-gallery-tags=\"1\" href=\"https:\/\/surpasssports.com\/wp-content\/uploads\/2023\/09\/SP66-18K-05.jpg\" data-elementor-open-lightbox=\"yes\" data-elementor-lightbox-slideshow=\"651f6659\" data-elementor-lightbox-title=\"SP66 18K 05\" data-elementor-lightbox-description=\"SP66 18K 05\" data-e-action-hash=\"#elementor-action%3Aaction%3Dlightbox%26settings%3DeyJpZCI6MTYwNDQsInVybCI6Imh0dHBzOlwvXC9zdXJwYXNzc3BvcnRzLmNvbVwvd3AtY29udGVudFwvdXBsb2Fkc1wvMjAyM1wvMDlcL1NQNjYtMThLLTA1LmpwZyIsInNsaWRlc2hvdyI6IjY1MWY2NjU5In0%3D\">\n\t\t\t\t\t<div class=\"e-gallery-image elementor-gallery-item__image\" data-thumbnail=\"https:\/\/surpasssports.com\/wp-content\/uploads\/2023\/09\/SP66-18K-05.jpg\" data-width=\"1500\" data-height=\"1500\" aria-label=\"sp66 18k 05\" role=\"img\" ><\/div>\n\t\t\t\t\t\t\t\t\t\t\t<div class=\"elementor-gallery-item__overlay\"><\/div>\n\t\t\t\t\t\t\t\t\t\t\t\t\t\t<\/a>\n\t\t\t\t\t\t\t<a class=\"e-gallery-item elementor-gallery-item elementor-animated-content\" data-e-gallery-tags=\"1\" href=\"https:\/\/surpasssports.com\/wp-content\/uploads\/2023\/09\/SP66-18K-06.jpg\" data-elementor-open-lightbox=\"yes\" data-elementor-lightbox-slideshow=\"651f6659\" data-elementor-lightbox-title=\"SP66 18K 06\" data-elementor-lightbox-description=\"SP66 18K 06\" data-e-action-hash=\"#elementor-action%3Aaction%3Dlightbox%26settings%3DeyJpZCI6MTYwNDUsInVybCI6Imh0dHBzOlwvXC9zdXJwYXNzc3BvcnRzLmNvbVwvd3AtY29udGVudFwvdXBsb2Fkc1wvMjAyM1wvMDlcL1NQNjYtMThLLTA2LmpwZyIsInNsaWRlc2hvdyI6IjY1MWY2NjU5In0%3D\">\n\t\t\t\t\t<div class=\"e-gallery-image elementor-gallery-item__image\" data-thumbnail=\"https:\/\/surpasssports.com\/wp-content\/uploads\/2023\/09\/SP66-18K-06.jpg\" data-width=\"1500\" data-height=\"1500\" aria-label=\"sp66 18k 06\" role=\"img\" ><\/div>\n\t\t\t\t\t\t\t\t\t\t\t<div class=\"elementor-gallery-item__overlay\"><\/div>\n\t\t\t\t\t\t\t\t\t\t\t\t\t\t<\/a>\n\t\t\t\t\t<\/div>\n\t\t\t\t\t<\/div>\n\t\t\t\t<\/div>\n\t\t\t\t\t<\/div>\n\t\t<\/div>\n\t\t\t\t\t<\/div>\n\t\t<\/section>\n\t\t\t\t<\/div>","protected":false},"excerpt":{"rendered":"<p>Round Padel Racket | SP66 Balance: Low. Sweet Spot: Large and centrally located. Target Players: Beginners or players seeking control. Benefits: Easier to handle due to the large sweet spot and even weight distribution. Offers maximum security and control in gameplay. Considerations: Might not be suitable for advanced players seeking more power in their strokes. [&hellip;]<\/p>\n","protected":false},"author":1,"featured_media":0,"parent":0,"menu_order":0,"comment_status":"closed","ping_status":"closed","template":"","meta":{"_seopress_robots_primary_cat":"","_seopress_titles_title":"","_seopress_titles_desc":"","_seopress_robots_index":"yes","footnotes":""},"class_list":["post-16035","page","type-page","status-publish","hentry"],"meta_box":[],"_links":{"self":[{"href":"https:\/\/surpasssports.com\/fr\/wp-json\/wp\/v2\/pages\/16035","targetHints":{"allow":["GET"]}}],"collection":[{"href":"https:\/\/surpasssports.com\/fr\/wp-json\/wp\/v2\/pages"}],"about":[{"href":"https:\/\/surpasssports.com\/fr\/wp-json\/wp\/v2\/types\/page"}],"author":[{"embeddable":true,"href":"https:\/\/surpasssports.com\/fr\/wp-json\/wp\/v2\/users\/1"}],"replies":[{"embeddable":true,"href":"https:\/\/surpasssports.com\/fr\/wp-json\/wp\/v2\/comments?post=16035"}],"version-history":[{"count":9,"href":"https:\/\/surpasssports.com\/fr\/wp-json\/wp\/v2\/pages\/16035\/revisions"}],"predecessor-version":[{"id":16643,"href":"https:\/\/surpasssports.com\/fr\/wp-json\/wp\/v2\/pages\/16035\/revisions\/16643"}],"wp:attachment":[{"href":"https:\/\/surpasssports.com\/fr\/wp-json\/wp\/v2\/media?parent=16035"}],"curies":[{"name":"wp","href":"https:\/\/api.w.org\/{rel}","templated":true}]}}