{"id":15867,"date":"2023-09-11T22:26:06","date_gmt":"2023-09-11T14:26:06","guid":{"rendered":"https:\/\/surpasssports.com\/?page_id=15867"},"modified":"2023-09-11T22:28:15","modified_gmt":"2023-09-11T14:28:15","slug":"diamond-sp88","status":"publish","type":"page","link":"https:\/\/surpasssports.com\/es\/diamond-sp88\/","title":{"rendered":"Diamante SP88"},"content":{"rendered":"<div data-elementor-type=\"wp-page\" data-elementor-id=\"15867\" class=\"elementor elementor-15867\" data-elementor-post-type=\"page\">\n\t\t\t\t\t\t<section class=\"elementor-section elementor-top-section elementor-element elementor-element-7a99cd6d elementor-section-full_width elementor-section-height-min-height elementor-section-items-stretch elementor-section-content-bottom ang-section-padding-initial elementor-section-height-default elementor-repeater-item-none elementor-repeater-item-none_hover\" data-id=\"7a99cd6d\" data-element_type=\"section\" data-e-type=\"section\" data-settings=\"{&quot;background_background&quot;:&quot;classic&quot;}\">\n\t\t\t\t\t\t<div class=\"elementor-container elementor-column-gap-no\">\n\t\t\t\t\t<div class=\"elementor-column elementor-col-50 elementor-top-column elementor-element elementor-element-345315af elementor-repeater-item-none elementor-repeater-item-none_hover\" data-id=\"345315af\" data-element_type=\"column\" data-e-type=\"column\" data-settings=\"{&quot;background_background&quot;:&quot;classic&quot;}\">\n\t\t\t<div class=\"elementor-widget-wrap elementor-element-populated\">\n\t\t\t\t\t\t<div class=\"elementor-element elementor-element-6708558e elementor-repeater-item-none elementor-repeater-item-none_hover elementor-widget elementor-widget-heading\" data-id=\"6708558e\" data-element_type=\"widget\" data-e-type=\"widget\" data-widget_type=\"heading.default\">\n\t\t\t\t<div class=\"elementor-widget-container\">\n\t\t\t\t\t<h1 class=\"elementor-heading-title elementor-size-default\">Raqueta Diamond Padel | SP88<\/h1>\t\t\t\t<\/div>\n\t\t\t\t<\/div>\n\t\t\t\t<div class=\"elementor-element elementor-element-207921ad elementor-icon-list--layout-traditional elementor-list-item-link-full_width elementor-repeater-item-none elementor-repeater-item-none_hover elementor-widget elementor-widget-icon-list\" data-id=\"207921ad\" data-element_type=\"widget\" data-e-type=\"widget\" data-widget_type=\"icon-list.default\">\n\t\t\t\t<div class=\"elementor-widget-container\">\n\t\t\t\t\t\t\t<ul class=\"elementor-icon-list-items\">\n\t\t\t\t\t\t\t<li class=\"elementor-icon-list-item\">\n\t\t\t\t\t\t\t\t\t\t\t<span class=\"elementor-icon-list-icon\">\n\t\t\t\t\t\t\t<i aria-hidden=\"true\" class=\"fas fa-check\"><\/i>\t\t\t\t\t\t<\/span>\n\t\t\t\t\t\t\t\t\t\t<span class=\"elementor-icon-list-text\">Caracter\u00edsticas:  Equilibrio: Alto. Punto dulce: Peque\u00f1o y situado m\u00e1s arriba en la raqueta. Jugadores a los que va dirigida: Jugadores de nivel avanzado con buena t\u00e9cnica y estilo de juego ofensivo.<\/span>\n\t\t\t\t\t\t\t\t\t<\/li>\n\t\t\t\t\t\t\t\t<li class=\"elementor-icon-list-item\">\n\t\t\t\t\t\t\t\t\t\t\t<span class=\"elementor-icon-list-icon\">\n\t\t\t\t\t\t\t<i aria-hidden=\"true\" class=\"fas fa-check\"><\/i>\t\t\t\t\t\t<\/span>\n\t\t\t\t\t\t\t\t\t\t<span class=\"elementor-icon-list-text\">Ventajas:  Genera m\u00e1s potencia especialmente en voleas y smashes. Dise\u00f1ada para los adeptos al juego que buscan potenciar su juego agresivo.<\/span>\n\t\t\t\t\t\t\t\t\t<\/li>\n\t\t\t\t\t\t\t\t<li class=\"elementor-icon-list-item\">\n\t\t\t\t\t\t\t\t\t\t\t<span class=\"elementor-icon-list-icon\">\n\t\t\t\t\t\t\t<i aria-hidden=\"true\" class=\"fas fa-dot-circle\"><\/i>\t\t\t\t\t\t<\/span>\n\t\t\t\t\t\t\t\t\t\t<span class=\"elementor-icon-list-text\">Consideraciones:  No recomendada para principiantes debido al punto dulce m\u00e1s peque\u00f1o y al balance m\u00e1s alto que puede dificultar su control.<\/span>\n\t\t\t\t\t\t\t\t\t<\/li>\n\t\t\t\t\t\t<\/ul>\n\t\t\t\t\t\t<\/div>\n\t\t\t\t<\/div>\n\t\t\t\t<div class=\"elementor-element elementor-element-6d40a6e7 elementor-align-left elementor-repeater-item-none elementor-repeater-item-none_hover elementor-widget elementor-widget-button\" data-id=\"6d40a6e7\" data-element_type=\"widget\" data-e-type=\"widget\" data-widget_type=\"button.default\">\n\t\t\t\t<div class=\"elementor-widget-container\">\n\t\t\t\t\t\t\t\t\t<div class=\"elementor-button-wrapper\">\n\t\t\t\t\t<a class=\"elementor-button elementor-button-link elementor-size-sm\" href=\"#elementor-action%3Aaction%3Dpopup%3Aopen%26settings%3DeyJpZCI6IjEyNDgiLCJ0b2dnbGUiOmZhbHNlfQ%3D%3D\">\n\t\t\t\t\t\t<span class=\"elementor-button-content-wrapper\">\n\t\t\t\t\t\t\t\t\t<span class=\"elementor-button-text\">obtenga un presupuesto r\u00e1pido<\/span>\n\t\t\t\t\t<\/span>\n\t\t\t\t\t<\/a>\n\t\t\t\t<\/div>\n\t\t\t\t\t\t\t\t<\/div>\n\t\t\t\t<\/div>\n\t\t\t\t\t<\/div>\n\t\t<\/div>\n\t\t\t\t<div class=\"elementor-column elementor-col-25 elementor-top-column elementor-element elementor-element-52211092 elementor-repeater-item-none elementor-repeater-item-none_hover\" data-id=\"52211092\" data-element_type=\"column\" data-e-type=\"column\" data-settings=\"{&quot;background_background&quot;:&quot;classic&quot;}\">\n\t\t\t<div class=\"elementor-widget-wrap elementor-element-populated\">\n\t\t\t\t\t\t<div class=\"elementor-element elementor-element-28faa44 external_elementor-repeater-item-none_external elementor-repeater-item-none elementor-repeater-item-none_hover elementor-widget elementor-widget-image\" data-id=\"28faa44\" data-element_type=\"widget\" data-e-type=\"widget\" data-widget_type=\"image.default\">\n\t\t\t\t<div class=\"elementor-widget-container\">\n\t\t\t\t\t\t\t\t\t\t\t\t\t\t\t<img decoding=\"async\" src=\"https:\/\/surpasssports.com\/wp-content\/uploads\/elementor\/thumbs\/Diamond-Padel-Racket-qc99x8n2jln2gc8cfjremqpi0k732g3qdqec3l4j8w.png\" title=\"Raqueta de p\u00e1del Diamond\" alt=\"raqueta de padel diamond\" loading=\"lazy\" \/>\t\t\t\t\t\t\t\t\t\t\t\t\t\t\t<\/div>\n\t\t\t\t<\/div>\n\t\t\t\t\t<\/div>\n\t\t<\/div>\n\t\t\t\t<div class=\"elementor-column elementor-col-25 elementor-top-column elementor-element elementor-element-49817e4a elementor-repeater-item-none elementor-repeater-item-none_hover\" data-id=\"49817e4a\" data-element_type=\"column\" data-e-type=\"column\">\n\t\t\t<div class=\"elementor-widget-wrap elementor-element-populated\">\n\t\t\t\t\t\t<div class=\"elementor-element elementor-element-16216fc3 elementor-widget-mobile__width-initial animated-slow elementor-widget-tablet__width-initial elementor-repeater-item-none elementor-repeater-item-none_hover elementor-invisible elementor-widget elementor-widget-spacer\" data-id=\"16216fc3\" data-element_type=\"widget\" data-e-type=\"widget\" data-settings=\"{&quot;_animation&quot;:&quot;fadeInRight&quot;}\" data-widget_type=\"spacer.default\">\n\t\t\t\t<div class=\"elementor-widget-container\">\n\t\t\t\t\t\t\t<div class=\"elementor-spacer\">\n\t\t\t<div class=\"elementor-spacer-inner\"><\/div>\n\t\t<\/div>\n\t\t\t\t\t\t<\/div>\n\t\t\t\t<\/div>\n\t\t\t\t\t<\/div>\n\t\t<\/div>\n\t\t\t\t\t<\/div>\n\t\t<\/section>\n\t\t\t\t<section class=\"elementor-section elementor-top-section elementor-element elementor-element-3516a8e0 elementor-section-full_width ang-section-padding-initial elementor-section-height-default elementor-section-height-default elementor-repeater-item-none elementor-repeater-item-none_hover\" data-id=\"3516a8e0\" data-element_type=\"section\" data-e-type=\"section\" data-settings=\"{&quot;background_background&quot;:&quot;classic&quot;}\">\n\t\t\t\t\t\t<div class=\"elementor-container elementor-column-gap-no\">\n\t\t\t\t\t<div class=\"elementor-column elementor-col-100 elementor-top-column elementor-element elementor-element-321edd19 elementor-repeater-item-none elementor-repeater-item-none_hover\" data-id=\"321edd19\" data-element_type=\"column\" data-e-type=\"column\">\n\t\t\t<div class=\"elementor-widget-wrap elementor-element-populated\">\n\t\t\t\t\t\t<div class=\"elementor-element elementor-element-22fce698 elementor-gallery--filter-align-center elementor-repeater-item-none elementor-repeater-item-none_hover elementor-widget elementor-widget-gallery\" data-id=\"22fce698\" data-element_type=\"widget\" data-e-type=\"widget\" data-settings=\"{&quot;columns&quot;:&quot;3&quot;,&quot;gap&quot;:{&quot;unit&quot;:&quot;px&quot;,&quot;size&quot;:&quot;40&quot;,&quot;sizes&quot;:[]},&quot;aspect_ratio&quot;:&quot;1:1&quot;,&quot;lazyload&quot;:&quot;yes&quot;,&quot;gallery_layout&quot;:&quot;grid&quot;,&quot;columns_tablet&quot;:2,&quot;columns_mobile&quot;:1,&quot;gap_tablet&quot;:{&quot;unit&quot;:&quot;px&quot;,&quot;size&quot;:10,&quot;sizes&quot;:[]},&quot;gap_mobile&quot;:{&quot;unit&quot;:&quot;px&quot;,&quot;size&quot;:10,&quot;sizes&quot;:[]},&quot;link_to&quot;:&quot;file&quot;,&quot;show_all_galleries&quot;:&quot;yes&quot;,&quot;overlay_background&quot;:&quot;yes&quot;,&quot;content_hover_animation&quot;:&quot;fade-in&quot;}\" data-widget_type=\"gallery.default\">\n\t\t\t\t<div class=\"elementor-widget-container\">\n\t\t\t\t\t\t\t\t<div class=\"elementor-gallery__titles-container e--pointer-none\" aria-label=\"Filtro da galeria\" data-no-translation-aria-label=\"\">\n\t\t\t\t\t\t\t\t\t<a class=\"elementor-item elementor-gallery-title\" role=\"button\" tabindex=\"0\" data-gallery-index=\"all\">\n\t\t\t\t\t\tTodos\t\t\t\t\t<\/a>\n\t\t\t\t\n\t\t\t\t\t\t\t\t\t<a class=\"elementor-item elementor-gallery-title\" role=\"button\" tabindex=\"0\" data-gallery-index=\"0\">\n\t\t\t\t\t\t3K\t\t\t\t\t<\/a>\n\t\t\t\t\t\t\t\t\t\t<a class=\"elementor-item elementor-gallery-title\" role=\"button\" tabindex=\"0\" data-gallery-index=\"1\">\n\t\t\t\t\t\t12K\t\t\t\t\t<\/a>\n\t\t\t\t\t\t\t\t\t\t<a class=\"elementor-item elementor-gallery-title\" role=\"button\" tabindex=\"0\" data-gallery-index=\"2\">\n\t\t\t\t\t\t18K\t\t\t\t\t<\/a>\n\t\t\t\t\t\t\t\t<\/div>\n\t\t\t\t\t<div class=\"elementor-gallery__container\">\n\t\t\t\t\t\t\t<a class=\"e-gallery-item elementor-gallery-item elementor-animated-content\" data-e-gallery-tags=\"0\" href=\"https:\/\/surpasssports.com\/wp-content\/uploads\/2023\/09\/SP88-3K-01.jpg\" data-elementor-open-lightbox=\"yes\" data-elementor-lightbox-slideshow=\"22fce698\" data-elementor-lightbox-title=\"SP88 3K 01\" data-elementor-lightbox-description=\"SP88 3K 01\" data-e-action-hash=\"#elementor-action%3Aaction%3Dlightbox%26settings%3DeyJpZCI6MTU2MjUsInVybCI6Imh0dHBzOlwvXC9zdXJwYXNzc3BvcnRzLmNvbVwvd3AtY29udGVudFwvdXBsb2Fkc1wvMjAyM1wvMDlcL1NQODgtM0stMDEuanBnIiwic2xpZGVzaG93IjoiMjJmY2U2OTgifQ%3D%3D\">\n\t\t\t\t\t<div class=\"e-gallery-image elementor-gallery-item__image\" data-thumbnail=\"https:\/\/surpasssports.com\/wp-content\/uploads\/2023\/09\/SP88-3K-01.jpg\" data-width=\"1600\" data-height=\"1600\" aria-label=\"sp88 3k 01\" role=\"img\" ><\/div>\n\t\t\t\t\t\t\t\t\t\t\t<div class=\"elementor-gallery-item__overlay\"><\/div>\n\t\t\t\t\t\t\t\t\t\t\t\t\t\t<\/a>\n\t\t\t\t\t\t\t<a class=\"e-gallery-item elementor-gallery-item elementor-animated-content\" data-e-gallery-tags=\"0\" href=\"https:\/\/surpasssports.com\/wp-content\/uploads\/2023\/09\/SP88-3K-02.jpg\" data-elementor-open-lightbox=\"yes\" data-elementor-lightbox-slideshow=\"22fce698\" data-elementor-lightbox-title=\"SP88 3K 02\" data-elementor-lightbox-description=\"SP88 3K 02\" data-e-action-hash=\"#elementor-action%3Aaction%3Dlightbox%26settings%3DeyJpZCI6MTU4NzEsInVybCI6Imh0dHBzOlwvXC9zdXJwYXNzc3BvcnRzLmNvbVwvd3AtY29udGVudFwvdXBsb2Fkc1wvMjAyM1wvMDlcL1NQODgtM0stMDIuanBnIiwic2xpZGVzaG93IjoiMjJmY2U2OTgifQ%3D%3D\">\n\t\t\t\t\t<div class=\"e-gallery-image elementor-gallery-item__image\" data-thumbnail=\"https:\/\/surpasssports.com\/wp-content\/uploads\/2023\/09\/SP88-3K-02.jpg\" data-width=\"2001\" data-height=\"2001\" aria-label=\"sp88 3k 02\" role=\"img\" ><\/div>\n\t\t\t\t\t\t\t\t\t\t\t<div class=\"elementor-gallery-item__overlay\"><\/div>\n\t\t\t\t\t\t\t\t\t\t\t\t\t\t<\/a>\n\t\t\t\t\t\t\t<a class=\"e-gallery-item elementor-gallery-item elementor-animated-content\" data-e-gallery-tags=\"0\" href=\"https:\/\/surpasssports.com\/wp-content\/uploads\/2023\/09\/SP88-3K-03-scaled.jpg\" data-elementor-open-lightbox=\"yes\" data-elementor-lightbox-slideshow=\"22fce698\" data-elementor-lightbox-title=\"SP88 3K 03\" data-elementor-lightbox-description=\"SP88 3K 03\" data-e-action-hash=\"#elementor-action%3Aaction%3Dlightbox%26settings%3DeyJpZCI6MTU4NzIsInVybCI6Imh0dHBzOlwvXC9zdXJwYXNzc3BvcnRzLmNvbVwvd3AtY29udGVudFwvdXBsb2Fkc1wvMjAyM1wvMDlcL1NQODgtM0stMDMtc2NhbGVkLmpwZyIsInNsaWRlc2hvdyI6IjIyZmNlNjk4In0%3D\">\n\t\t\t\t\t<div class=\"e-gallery-image elementor-gallery-item__image\" data-thumbnail=\"https:\/\/surpasssports.com\/wp-content\/uploads\/2023\/09\/SP88-3K-03-scaled.jpg\" data-width=\"2560\" data-height=\"2560\" aria-label=\"sp88 3k 03\" role=\"img\" ><\/div>\n\t\t\t\t\t\t\t\t\t\t\t<div class=\"elementor-gallery-item__overlay\"><\/div>\n\t\t\t\t\t\t\t\t\t\t\t\t\t\t<\/a>\n\t\t\t\t\t\t\t<a class=\"e-gallery-item elementor-gallery-item elementor-animated-content\" data-e-gallery-tags=\"0\" href=\"https:\/\/surpasssports.com\/wp-content\/uploads\/2023\/09\/SP88-3K-04-scaled.jpg\" data-elementor-open-lightbox=\"yes\" data-elementor-lightbox-slideshow=\"22fce698\" data-elementor-lightbox-title=\"SP88 3K 04\" data-elementor-lightbox-description=\"SP88 3K 04\" data-e-action-hash=\"#elementor-action%3Aaction%3Dlightbox%26settings%3DeyJpZCI6MTU4NzMsInVybCI6Imh0dHBzOlwvXC9zdXJwYXNzc3BvcnRzLmNvbVwvd3AtY29udGVudFwvdXBsb2Fkc1wvMjAyM1wvMDlcL1NQODgtM0stMDQtc2NhbGVkLmpwZyIsInNsaWRlc2hvdyI6IjIyZmNlNjk4In0%3D\">\n\t\t\t\t\t<div class=\"e-gallery-image elementor-gallery-item__image\" data-thumbnail=\"https:\/\/surpasssports.com\/wp-content\/uploads\/2023\/09\/SP88-3K-04-scaled.jpg\" data-width=\"2560\" data-height=\"2560\" aria-label=\"sp88 3k 04\" role=\"img\" ><\/div>\n\t\t\t\t\t\t\t\t\t\t\t<div class=\"elementor-gallery-item__overlay\"><\/div>\n\t\t\t\t\t\t\t\t\t\t\t\t\t\t<\/a>\n\t\t\t\t\t\t\t<a class=\"e-gallery-item elementor-gallery-item elementor-animated-content\" data-e-gallery-tags=\"1\" href=\"https:\/\/surpasssports.com\/wp-content\/uploads\/2023\/09\/SP88-12K-01-scaled.jpg\" data-elementor-open-lightbox=\"yes\" data-elementor-lightbox-slideshow=\"22fce698\" data-elementor-lightbox-title=\"SP88 12K 01\" data-elementor-lightbox-description=\"SP88 12K 01\" data-e-action-hash=\"#elementor-action%3Aaction%3Dlightbox%26settings%3DeyJpZCI6MTU2MjYsInVybCI6Imh0dHBzOlwvXC9zdXJwYXNzc3BvcnRzLmNvbVwvd3AtY29udGVudFwvdXBsb2Fkc1wvMjAyM1wvMDlcL1NQODgtMTJLLTAxLXNjYWxlZC5qcGciLCJzbGlkZXNob3ciOiIyMmZjZTY5OCJ9\">\n\t\t\t\t\t<div class=\"e-gallery-image elementor-gallery-item__image\" data-thumbnail=\"https:\/\/surpasssports.com\/wp-content\/uploads\/2023\/09\/SP88-12K-01-scaled.jpg\" data-width=\"2560\" data-height=\"2560\" aria-label=\"sp88 12k 01\" role=\"img\" ><\/div>\n\t\t\t\t\t\t\t\t\t\t\t<div class=\"elementor-gallery-item__overlay\"><\/div>\n\t\t\t\t\t\t\t\t\t\t\t\t\t\t<\/a>\n\t\t\t\t\t\t\t<a class=\"e-gallery-item elementor-gallery-item elementor-animated-content\" data-e-gallery-tags=\"1\" href=\"https:\/\/surpasssports.com\/wp-content\/uploads\/2023\/09\/SP88-12K-02.jpg\" data-elementor-open-lightbox=\"yes\" data-elementor-lightbox-slideshow=\"22fce698\" data-elementor-lightbox-title=\"SP88 12K 02\" data-elementor-lightbox-description=\"SP88 12K 02\" data-e-action-hash=\"#elementor-action%3Aaction%3Dlightbox%26settings%3DeyJpZCI6MTU4NzQsInVybCI6Imh0dHBzOlwvXC9zdXJwYXNzc3BvcnRzLmNvbVwvd3AtY29udGVudFwvdXBsb2Fkc1wvMjAyM1wvMDlcL1NQODgtMTJLLTAyLmpwZyIsInNsaWRlc2hvdyI6IjIyZmNlNjk4In0%3D\">\n\t\t\t\t\t<div class=\"e-gallery-image elementor-gallery-item__image\" data-thumbnail=\"https:\/\/surpasssports.com\/wp-content\/uploads\/2023\/09\/SP88-12K-02.jpg\" data-width=\"1499\" data-height=\"1500\" aria-label=\"sp88 12k 02\" role=\"img\" ><\/div>\n\t\t\t\t\t\t\t\t\t\t\t<div class=\"elementor-gallery-item__overlay\"><\/div>\n\t\t\t\t\t\t\t\t\t\t\t\t\t\t<\/a>\n\t\t\t\t\t\t\t<a class=\"e-gallery-item elementor-gallery-item elementor-animated-content\" data-e-gallery-tags=\"1\" href=\"https:\/\/surpasssports.com\/wp-content\/uploads\/2023\/09\/SP88-12K-03.jpg\" data-elementor-open-lightbox=\"yes\" data-elementor-lightbox-slideshow=\"22fce698\" data-elementor-lightbox-title=\"SP88 12K 03\" data-elementor-lightbox-description=\"SP88 12K 03\" data-e-action-hash=\"#elementor-action%3Aaction%3Dlightbox%26settings%3DeyJpZCI6MTU4NzUsInVybCI6Imh0dHBzOlwvXC9zdXJwYXNzc3BvcnRzLmNvbVwvd3AtY29udGVudFwvdXBsb2Fkc1wvMjAyM1wvMDlcL1NQODgtMTJLLTAzLmpwZyIsInNsaWRlc2hvdyI6IjIyZmNlNjk4In0%3D\">\n\t\t\t\t\t<div class=\"e-gallery-image elementor-gallery-item__image\" data-thumbnail=\"https:\/\/surpasssports.com\/wp-content\/uploads\/2023\/09\/SP88-12K-03.jpg\" data-width=\"1494\" data-height=\"1339\" aria-label=\"sp88 12k 03\" role=\"img\" ><\/div>\n\t\t\t\t\t\t\t\t\t\t\t<div class=\"elementor-gallery-item__overlay\"><\/div>\n\t\t\t\t\t\t\t\t\t\t\t\t\t\t<\/a>\n\t\t\t\t\t\t\t<a class=\"e-gallery-item elementor-gallery-item elementor-animated-content\" data-e-gallery-tags=\"1\" href=\"https:\/\/surpasssports.com\/wp-content\/uploads\/2023\/09\/SP88-12K-04.jpg\" data-elementor-open-lightbox=\"yes\" data-elementor-lightbox-slideshow=\"22fce698\" data-elementor-lightbox-title=\"SP88 12K 04\" data-elementor-lightbox-description=\"SP88 12K 04\" data-e-action-hash=\"#elementor-action%3Aaction%3Dlightbox%26settings%3DeyJpZCI6MTU4NzYsInVybCI6Imh0dHBzOlwvXC9zdXJwYXNzc3BvcnRzLmNvbVwvd3AtY29udGVudFwvdXBsb2Fkc1wvMjAyM1wvMDlcL1NQODgtMTJLLTA0LmpwZyIsInNsaWRlc2hvdyI6IjIyZmNlNjk4In0%3D\">\n\t\t\t\t\t<div class=\"e-gallery-image elementor-gallery-item__image\" data-thumbnail=\"https:\/\/surpasssports.com\/wp-content\/uploads\/2023\/09\/SP88-12K-04.jpg\" data-width=\"1500\" data-height=\"1195\" aria-label=\"sp88 12k 04\" role=\"img\" ><\/div>\n\t\t\t\t\t\t\t\t\t\t\t<div class=\"elementor-gallery-item__overlay\"><\/div>\n\t\t\t\t\t\t\t\t\t\t\t\t\t\t<\/a>\n\t\t\t\t\t\t\t<a class=\"e-gallery-item elementor-gallery-item elementor-animated-content\" data-e-gallery-tags=\"1\" href=\"https:\/\/surpasssports.com\/wp-content\/uploads\/2023\/09\/SP88-12K-05.jpg\" data-elementor-open-lightbox=\"yes\" data-elementor-lightbox-slideshow=\"22fce698\" data-elementor-lightbox-title=\"SP88 12K 05\" data-elementor-lightbox-description=\"SP88 12K 05\" data-e-action-hash=\"#elementor-action%3Aaction%3Dlightbox%26settings%3DeyJpZCI6MTU4NzcsInVybCI6Imh0dHBzOlwvXC9zdXJwYXNzc3BvcnRzLmNvbVwvd3AtY29udGVudFwvdXBsb2Fkc1wvMjAyM1wvMDlcL1NQODgtMTJLLTA1LmpwZyIsInNsaWRlc2hvdyI6IjIyZmNlNjk4In0%3D\">\n\t\t\t\t\t<div class=\"e-gallery-image elementor-gallery-item__image\" data-thumbnail=\"https:\/\/surpasssports.com\/wp-content\/uploads\/2023\/09\/SP88-12K-05.jpg\" data-width=\"1500\" data-height=\"1500\" aria-label=\"sp88 12k 05\" role=\"img\" ><\/div>\n\t\t\t\t\t\t\t\t\t\t\t<div class=\"elementor-gallery-item__overlay\"><\/div>\n\t\t\t\t\t\t\t\t\t\t\t\t\t\t<\/a>\n\t\t\t\t\t\t\t<a class=\"e-gallery-item elementor-gallery-item elementor-animated-content\" data-e-gallery-tags=\"2\" href=\"https:\/\/surpasssports.com\/wp-content\/uploads\/2023\/09\/SP88-18K-01.jpg\" data-elementor-open-lightbox=\"yes\" data-elementor-lightbox-slideshow=\"22fce698\" data-elementor-lightbox-title=\"SP88 18K 01\" data-elementor-lightbox-description=\"SP88 18K 01\" data-e-action-hash=\"#elementor-action%3Aaction%3Dlightbox%26settings%3DeyJpZCI6MTU2MjcsInVybCI6Imh0dHBzOlwvXC9zdXJwYXNzc3BvcnRzLmNvbVwvd3AtY29udGVudFwvdXBsb2Fkc1wvMjAyM1wvMDlcL1NQODgtMThLLTAxLmpwZyIsInNsaWRlc2hvdyI6IjIyZmNlNjk4In0%3D\">\n\t\t\t\t\t<div class=\"e-gallery-image elementor-gallery-item__image\" data-thumbnail=\"https:\/\/surpasssports.com\/wp-content\/uploads\/2023\/09\/SP88-18K-01.jpg\" data-width=\"1600\" data-height=\"1600\" aria-label=\"sp88 18k 01\" role=\"img\" ><\/div>\n\t\t\t\t\t\t\t\t\t\t\t<div class=\"elementor-gallery-item__overlay\"><\/div>\n\t\t\t\t\t\t\t\t\t\t\t\t\t\t<\/a>\n\t\t\t\t\t\t\t<a class=\"e-gallery-item elementor-gallery-item elementor-animated-content\" data-e-gallery-tags=\"2\" href=\"https:\/\/surpasssports.com\/wp-content\/uploads\/2023\/09\/SP88-18K-02.jpg\" data-elementor-open-lightbox=\"yes\" data-elementor-lightbox-slideshow=\"22fce698\" data-elementor-lightbox-title=\"SP88 18K 02\" data-elementor-lightbox-description=\"SP88 18K 02\" data-e-action-hash=\"#elementor-action%3Aaction%3Dlightbox%26settings%3DeyJpZCI6MTU4NzgsInVybCI6Imh0dHBzOlwvXC9zdXJwYXNzc3BvcnRzLmNvbVwvd3AtY29udGVudFwvdXBsb2Fkc1wvMjAyM1wvMDlcL1NQODgtMThLLTAyLmpwZyIsInNsaWRlc2hvdyI6IjIyZmNlNjk4In0%3D\">\n\t\t\t\t\t<div class=\"e-gallery-image elementor-gallery-item__image\" data-thumbnail=\"https:\/\/surpasssports.com\/wp-content\/uploads\/2023\/09\/SP88-18K-02.jpg\" data-width=\"2000\" data-height=\"2000\" aria-label=\"sp88 18k 02\" role=\"img\" ><\/div>\n\t\t\t\t\t\t\t\t\t\t\t<div class=\"elementor-gallery-item__overlay\"><\/div>\n\t\t\t\t\t\t\t\t\t\t\t\t\t\t<\/a>\n\t\t\t\t\t\t\t<a class=\"e-gallery-item elementor-gallery-item elementor-animated-content\" data-e-gallery-tags=\"2\" href=\"https:\/\/surpasssports.com\/wp-content\/uploads\/2023\/09\/SP88-18K-03.jpg\" data-elementor-open-lightbox=\"yes\" data-elementor-lightbox-slideshow=\"22fce698\" data-elementor-lightbox-title=\"SP88 18K 03\" data-elementor-lightbox-description=\"SP88 18K 03\" data-e-action-hash=\"#elementor-action%3Aaction%3Dlightbox%26settings%3DeyJpZCI6MTU4NzksInVybCI6Imh0dHBzOlwvXC9zdXJwYXNzc3BvcnRzLmNvbVwvd3AtY29udGVudFwvdXBsb2Fkc1wvMjAyM1wvMDlcL1NQODgtMThLLTAzLmpwZyIsInNsaWRlc2hvdyI6IjIyZmNlNjk4In0%3D\">\n\t\t\t\t\t<div class=\"e-gallery-image elementor-gallery-item__image\" data-thumbnail=\"https:\/\/surpasssports.com\/wp-content\/uploads\/2023\/09\/SP88-18K-03.jpg\" data-width=\"2001\" data-height=\"2001\" aria-label=\"sp88 18k 03\" role=\"img\" ><\/div>\n\t\t\t\t\t\t\t\t\t\t\t<div class=\"elementor-gallery-item__overlay\"><\/div>\n\t\t\t\t\t\t\t\t\t\t\t\t\t\t<\/a>\n\t\t\t\t\t\t\t<a class=\"e-gallery-item elementor-gallery-item elementor-animated-content\" data-e-gallery-tags=\"2\" href=\"https:\/\/surpasssports.com\/wp-content\/uploads\/2023\/09\/SP88-18K-04.jpg\" data-elementor-open-lightbox=\"yes\" data-elementor-lightbox-slideshow=\"22fce698\" data-elementor-lightbox-title=\"SP88 18K 04\" data-elementor-lightbox-description=\"SP88 18K 04\" data-e-action-hash=\"#elementor-action%3Aaction%3Dlightbox%26settings%3DeyJpZCI6MTU4ODAsInVybCI6Imh0dHBzOlwvXC9zdXJwYXNzc3BvcnRzLmNvbVwvd3AtY29udGVudFwvdXBsb2Fkc1wvMjAyM1wvMDlcL1NQODgtMThLLTA0LmpwZyIsInNsaWRlc2hvdyI6IjIyZmNlNjk4In0%3D\">\n\t\t\t\t\t<div class=\"e-gallery-image elementor-gallery-item__image\" data-thumbnail=\"https:\/\/surpasssports.com\/wp-content\/uploads\/2023\/09\/SP88-18K-04.jpg\" data-width=\"1601\" data-height=\"1601\" aria-label=\"sp88 18k 04\" role=\"img\" ><\/div>\n\t\t\t\t\t\t\t\t\t\t\t<div class=\"elementor-gallery-item__overlay\"><\/div>\n\t\t\t\t\t\t\t\t\t\t\t\t\t\t<\/a>\n\t\t\t\t\t<\/div>\n\t\t\t\t\t<\/div>\n\t\t\t\t<\/div>\n\t\t\t\t\t<\/div>\n\t\t<\/div>\n\t\t\t\t\t<\/div>\n\t\t<\/section>\n\t\t\t\t<\/div>","protected":false},"excerpt":{"rendered":"<p>Diamond Padel Racket | SP88 Characteristics: Balance: High. Sweet Spot: Small and located higher up on the racket. Target Players: Advanced players with good technique and attacking playstyle. Benefits: Generates more power especially in volleys and smashes. Designed for those who are adept at the game and are looking to enhance their aggressive play. Considerations: [&hellip;]<\/p>\n","protected":false},"author":1,"featured_media":0,"parent":0,"menu_order":0,"comment_status":"closed","ping_status":"closed","template":"","meta":{"_seopress_robots_primary_cat":"","_seopress_titles_title":"","_seopress_titles_desc":"","_seopress_robots_index":"yes","footnotes":""},"class_list":["post-15867","page","type-page","status-publish","hentry"],"meta_box":[],"_links":{"self":[{"href":"https:\/\/surpasssports.com\/es\/wp-json\/wp\/v2\/pages\/15867","targetHints":{"allow":["GET"]}}],"collection":[{"href":"https:\/\/surpasssports.com\/es\/wp-json\/wp\/v2\/pages"}],"about":[{"href":"https:\/\/surpasssports.com\/es\/wp-json\/wp\/v2\/types\/page"}],"author":[{"embeddable":true,"href":"https:\/\/surpasssports.com\/es\/wp-json\/wp\/v2\/users\/1"}],"replies":[{"embeddable":true,"href":"https:\/\/surpasssports.com\/es\/wp-json\/wp\/v2\/comments?post=15867"}],"version-history":[{"count":5,"href":"https:\/\/surpasssports.com\/es\/wp-json\/wp\/v2\/pages\/15867\/revisions"}],"predecessor-version":[{"id":15884,"href":"https:\/\/surpasssports.com\/es\/wp-json\/wp\/v2\/pages\/15867\/revisions\/15884"}],"wp:attachment":[{"href":"https:\/\/surpasssports.com\/es\/wp-json\/wp\/v2\/media?parent=15867"}],"curies":[{"name":"wp","href":"https:\/\/api.w.org\/{rel}","templated":true}]}}